{"id":4671,"date":"2026-01-29T11:22:40","date_gmt":"2026-01-29T11:22:40","guid":{"rendered":"https:\/\/suresnes-sociale-\u00e9cologique.fr\/?page_id=4671"},"modified":"2026-01-29T15:51:49","modified_gmt":"2026-01-29T15:51:49","slug":"dons-pour-la-campagne","status":"publish","type":"page","link":"https:\/\/suresnes-sociale-\u00e9cologique.fr\/?page_id=4671","title":{"rendered":"Dons pour la campagne"},"content":{"rendered":"\t\t<div data-elementor-type=\"wp-page\" data-elementor-id=\"4671\" class=\"elementor elementor-4671\">\n\t\t\t\t\t\t\t\t\t<section class=\"elementor-section elementor-top-section elementor-element elementor-element-2150739 elementor-section-boxed elementor-section-height-default elementor-section-height-default\" data-id=\"2150739\" data-element_type=\"section\">\n\t\t\t\t\t\t<div class=\"elementor-container elementor-column-gap-default\">\n\t\t\t\t\t<div class=\"elementor-column elementor-col-100 elementor-top-column elementor-element elementor-element-49d7efe\" data-id=\"49d7efe\" data-element_type=\"column\">\n\t\t\t<div class=\"elementor-widget-wrap elementor-element-populated\">\n\t\t\t\t\t\t\t\t<div class=\"elementor-element elementor-element-cfa7d7b elementor-widget elementor-widget-wpforms\" data-id=\"cfa7d7b\" data-element_type=\"widget\" data-widget_type=\"wpforms.default\">\n\t\t\t\t<div class=\"elementor-widget-container\">\n\t\t\t<div class=\"wpforms-container \" id=\"wpforms-4663\"><form id=\"wpforms-form-4663\" class=\"wpforms-validate wpforms-form wpforms-ajax-form\" data-formid=\"4663\" method=\"post\" enctype=\"multipart\/form-data\" action=\"\/index.php?rest_route=%2Fwp%2Fv2%2Fpages%2F4671\" data-token=\"04478faec8133f6676e545dfbf6d3b47\" data-token-time=\"1778244450\"><div class=\"wpforms-head-container\"><div class=\"wpforms-title\">Pr\u00e9enregistrement de votre don<\/div><div class=\"wpforms-description\">Gr\u00e2ce \u00e0 ce formulaire vous allez pouvoir nous soutenir par un don financier.\r\nLes informations que vous nous fournissez vont permettre d'anticiper et d'\u00e9tablir rapidement votre attestation fiscale de don, d\u00e8s que nous aurons enregistr\u00e9 votre virement.\r\nLors de l'enregistrement de ce formulaire, un lien vers le RIB et l'adresse postale du Mandataire apparaitront. Veuillez conserver ces informations.<\/div><\/div><noscript class=\"wpforms-error-noscript\">Veuillez activer JavaScript dans votre navigateur pour remplir ce formulaire.<\/noscript><div class=\"wpforms-field-container\"><div id=\"wpforms-4663-field_1-container\" class=\"wpforms-field wpforms-field-name\" data-field-id=\"1\"><label class=\"wpforms-field-label\">Nom <span class=\"wpforms-required-label\">*<\/span><\/label><div class=\"wpforms-field-row wpforms-field-medium\"><div class=\"wpforms-field-row-block wpforms-first wpforms-one-half\"><input type=\"text\" id=\"wpforms-4663-field_1\" class=\"wpforms-field-name-first wpforms-field-required\" name=\"wpforms[fields][1][first]\" required><label for=\"wpforms-4663-field_1\" class=\"wpforms-field-sublabel after\">Pr\u00e9nom<\/label><\/div><div class=\"wpforms-field-row-block wpforms-one-half\"><input type=\"text\" id=\"wpforms-4663-field_1-last\" class=\"wpforms-field-name-last wpforms-field-required\" name=\"wpforms[fields][1][last]\" required><label for=\"wpforms-4663-field_1-last\" class=\"wpforms-field-sublabel after\">Nom<\/label><\/div><\/div><\/div><div id=\"wpforms-4663-field_6-container\" class=\"wpforms-field wpforms-field-phone\" data-field-id=\"6\"><label class=\"wpforms-field-label\" for=\"wpforms-4663-field_6\">Votre T\u00e9l\u00e9phone <span class=\"wpforms-required-label\">*<\/span><\/label><input type=\"tel\" id=\"wpforms-4663-field_6\" class=\"wpforms-field-medium wpforms-field-required wpforms-smart-phone-field\" data-rule-smart-phone-field=\"true\" name=\"wpforms[fields][6]\" aria-label=\"Votre T\u00e9l\u00e9phone\" required><\/div><div id=\"wpforms-4663-field_7-container\" class=\"wpforms-field wpforms-field-address\" data-field-id=\"7\"><label class=\"wpforms-field-label\">Votre adresse de r\u00e9sidence fiscale <span class=\"wpforms-required-label\">*<\/span><\/label><div class=\"wpforms-field-row wpforms-field-medium\"><div ><input type=\"text\" id=\"wpforms-4663-field_7\" class=\"wpforms-field-address-address1 wpforms-field-required\" name=\"wpforms[fields][7][address1]\" required><label for=\"wpforms-4663-field_7\" class=\"wpforms-field-sublabel after\">Adresse ligne\u00a01<\/label><\/div><\/div><div class=\"wpforms-field-row wpforms-field-medium\"><div ><input type=\"text\" id=\"wpforms-4663-field_7-address2\" class=\"wpforms-field-address-address2\" name=\"wpforms[fields][7][address2]\" ><label for=\"wpforms-4663-field_7-address2\" class=\"wpforms-field-sublabel after\">Adresse ligne 2<\/label><\/div><\/div><div class=\"wpforms-field-row wpforms-field-medium\"><div class=\"wpforms-field-row-block wpforms-one-half wpforms-first\"><input type=\"text\" id=\"wpforms-4663-field_7-city\" class=\"wpforms-field-address-city wpforms-field-required\" name=\"wpforms[fields][7][city]\" required><label for=\"wpforms-4663-field_7-city\" class=\"wpforms-field-sublabel after\">Ville<\/label><\/div><div class=\"wpforms-field-row-block wpforms-one-half\"><input type=\"text\" id=\"wpforms-4663-field_7-state\" class=\"wpforms-field-address-state wpforms-field-required\" name=\"wpforms[fields][7][state]\" required><label for=\"wpforms-4663-field_7-state\" class=\"wpforms-field-sublabel after\">\u00c9tat \/ Province \/ R\u00e9gion<\/label><\/div><\/div><div class=\"wpforms-field-row wpforms-field-medium\"><div class=\"wpforms-field-row-block wpforms-one-half wpforms-first\"><input type=\"text\" id=\"wpforms-4663-field_7-postal\" class=\"wpforms-field-address-postal wpforms-field-required\" name=\"wpforms[fields][7][postal]\" required><label for=\"wpforms-4663-field_7-postal\" class=\"wpforms-field-sublabel after\">Code postal<\/label><\/div><\/div><\/div><div id=\"wpforms-4663-field_3-container\" class=\"wpforms-field wpforms-field-email\" data-field-id=\"3\"><label class=\"wpforms-field-label\">Votre E-mail <span class=\"wpforms-required-label\">*<\/span><\/label><div class=\"wpforms-field-row wpforms-field-medium\"><div class=\"wpforms-field-row-block wpforms-one-half wpforms-first\"><input type=\"email\" id=\"wpforms-4663-field_3\" class=\"wpforms-field-required wpforms-field-email-primary\" name=\"wpforms[fields][3][primary]\" spellcheck=\"false\" required><label for=\"wpforms-4663-field_3\" class=\"wpforms-field-sublabel after\">E-mail<\/label><\/div><div class=\"wpforms-field-row-block wpforms-one-half\"><input type=\"email\" id=\"wpforms-4663-field_3-secondary\" class=\"wpforms-field-email-secondary wpforms-field-required\" data-rule-confirm=\"#wpforms-4663-field_3\" name=\"wpforms[fields][3][secondary]\" spellcheck=\"false\" required><label for=\"wpforms-4663-field_3-secondary\" class=\"wpforms-field-sublabel after\">Confirmez l\u2019e-mail<\/label><\/div><\/div><div class=\"wpforms-field-description\">Inscrivez ici votre email<\/div><\/div><div id=\"wpforms-4663-field_4-container\" class=\"wpforms-field wpforms-field-checkbox\" data-field-id=\"4\"><label class=\"wpforms-field-label\">Vous souhaitez <span class=\"wpforms-required-label\">*<\/span><\/label><ul id=\"wpforms-4663-field_4\" class=\"wpforms-field-required\"><li class=\"choice-7 depth-1\"><input type=\"checkbox\" id=\"wpforms-4663-field_4_7\" name=\"wpforms[fields][4][]\" value=\"Faire un don pour la campagne Election Municipale 2026 de J\u00e9r\u00f4me Pellerin t\u00eate de liste de Suresnes Sociale Ecologique.\" required ><label class=\"wpforms-field-label-inline\" for=\"wpforms-4663-field_4_7\">Faire un don pour la campagne Election Municipale 2026 de J\u00e9r\u00f4me Pellerin t\u00eate de liste de Suresnes Sociale Ecologique.<\/label><\/li><li class=\"choice-1 depth-1\"><input type=\"checkbox\" id=\"wpforms-4663-field_4_1\" name=\"wpforms[fields][4][]\" value=\"Etre contact\u00e9\u00b7e pour plus d&#039;informations ou vous expliquer mon cas particulier.\" required ><label class=\"wpforms-field-label-inline\" for=\"wpforms-4663-field_4_1\">Etre contact\u00e9\u00b7e pour plus d'informations ou vous expliquer mon cas particulier.<\/label><\/li><\/ul><div class=\"wpforms-field-description\">En cochant une de ces cases, vous fa\u00eetes une promesse de don. Nous vous adresserons une attestation de don pour l'administration fiscale apr\u00e8s l'enregistrement de votre virement.<\/div><\/div><div id=\"wpforms-4663-field_5-container\" class=\"wpforms-field wpforms-field-radio\" data-field-id=\"5\"><label class=\"wpforms-field-label\">Vous souhaitez <span class=\"wpforms-required-label\">*<\/span><\/label><ul id=\"wpforms-4663-field_5\" class=\"wpforms-field-required\"><li class=\"choice-4 depth-1\"><input type=\"radio\" id=\"wpforms-4663-field_5_4\" name=\"wpforms[fields][5]\" value=\"15 Euros soit 5,10 Euros apr\u00e8s r\u00e9duction d&#039;imp\u00f4t.\" required ><label class=\"wpforms-field-label-inline\" for=\"wpforms-4663-field_5_4\">15 Euros soit 5,10 Euros apr\u00e8s r\u00e9duction d'imp\u00f4t.<\/label><\/li><li class=\"choice-5 depth-1\"><input type=\"radio\" id=\"wpforms-4663-field_5_5\" name=\"wpforms[fields][5]\" value=\"30 Euros soit 1020 Euros apr\u00e8s r\u00e9duction d&#039;imp\u00f4t.\" required ><label class=\"wpforms-field-label-inline\" for=\"wpforms-4663-field_5_5\">30 Euros soit 1020 Euros apr\u00e8s r\u00e9duction d'imp\u00f4t.<\/label><\/li><li class=\"choice-6 depth-1\"><input type=\"radio\" id=\"wpforms-4663-field_5_6\" name=\"wpforms[fields][5]\" value=\"50 Euros soit 17 Euros apr\u00e8s r\u00e9duction d&#039;imp\u00f4t.\" required ><label class=\"wpforms-field-label-inline\" for=\"wpforms-4663-field_5_6\">50 Euros soit 17 Euros apr\u00e8s r\u00e9duction d'imp\u00f4t.<\/label><\/li><li class=\"choice-7 depth-1\"><input type=\"radio\" id=\"wpforms-4663-field_5_7\" name=\"wpforms[fields][5]\" value=\"100 Euros soit 34 Euros apr\u00e8s r\u00e9duction d&#039;imp\u00f4t.\" required ><label class=\"wpforms-field-label-inline\" for=\"wpforms-4663-field_5_7\">100 Euros soit 34 Euros apr\u00e8s r\u00e9duction d'imp\u00f4t.<\/label><\/li><li class=\"choice-8 depth-1\"><input type=\"radio\" id=\"wpforms-4663-field_5_8\" name=\"wpforms[fields][5]\" value=\"200 Euros soit 68 Euros apr\u00e8s r\u00e9duction d&#039;imp\u00f4t.\" required ><label class=\"wpforms-field-label-inline\" for=\"wpforms-4663-field_5_8\">200 Euros soit 68 Euros apr\u00e8s r\u00e9duction d'imp\u00f4t.<\/label><\/li><li class=\"choice-10 depth-1\"><input type=\"radio\" id=\"wpforms-4663-field_5_10\" name=\"wpforms[fields][5]\" value=\"500 Euros soit 170 Euros apr\u00e8s r\u00e9duction d&#039;imp\u00f4t.\" required ><label class=\"wpforms-field-label-inline\" for=\"wpforms-4663-field_5_10\">500 Euros soit 170 Euros apr\u00e8s r\u00e9duction d'imp\u00f4t.<\/label><\/li><li class=\"choice-11 depth-1 wpforms-other-choice\"><input type=\"radio\" id=\"wpforms-4663-field_5_11\" data-other-choice=\"true\" name=\"wpforms[fields][5]\" value=\"Autre\" required ><label class=\"wpforms-field-label-inline\" for=\"wpforms-4663-field_5_11\">Autre<\/label><\/li><\/ul><input type=\"text\" id=\"wpforms-4663-field_5_other\" class=\"wpforms-other-input wpforms-field-required wpforms-field-medium wpforms-hidden\" name=\"wpforms[fields][5][other]\" disabled=\"disabled\" placeholder=\"(A preciser)\" required><div class=\"wpforms-field-description\">Cochez le montant correspondant \u00e0 votre don<\/div><\/div><div id=\"wpforms-4663-field_10-container\" class=\"wpforms-field wpforms-field-textarea\" data-field-id=\"10\"><label class=\"wpforms-field-label\" for=\"wpforms-4663-field_10\">Votre message<\/label><textarea id=\"wpforms-4663-field_10\" class=\"wpforms-field-medium\" name=\"wpforms[fields][10]\" placeholder=\"Ecrivez ici votre message ou votre question\" ><\/textarea><\/div><\/div><!-- .wpforms-field-container --><div class=\"wpforms-submit-container\" ><input type=\"hidden\" name=\"wpforms[id]\" value=\"4663\"><input type=\"hidden\" name=\"page_title\" value=\"\"><input type=\"hidden\" name=\"page_url\" value=\"https:\/\/suresnes-sociale-\u00e9cologique.fr\/index.php?rest_route=\/wp\/v2\/pages\/4671\"><input type=\"hidden\" name=\"url_referer\" value=\"\"><button type=\"submit\" name=\"wpforms[submit]\" id=\"wpforms-submit-4663\" class=\"wpforms-submit\" data-alt-text=\"Envoi en cours\" data-submit-text=\"Envoyer\" aria-live=\"assertive\" value=\"wpforms-submit\">Envoyer<\/button><img loading=\"lazy\" decoding=\"async\" src=\"https:\/\/suresnes-sociale-\u00e9cologique.fr\/wp-content\/plugins\/wpforms\/assets\/images\/submit-spin.svg\" class=\"wpforms-submit-spinner\" style=\"display: none;\" width=\"26\" height=\"26\" alt=\"Chargement en cours\"><\/div><\/form><\/div>  <!-- .wpforms-container -->\t\t<\/div>\n\t\t\t\t<\/div>\n\t\t\t\t\t<\/div>\n\t\t<\/div>\n\t\t\t\t\t\t\t<\/div>\n\t\t<\/section>\n\t\t\t\t\t\t\t<\/div>\n\t\t","protected":false},"excerpt":{"rendered":"<p>Pr\u00e9enregistrement de votre donGr\u00e2ce \u00e0 ce formulaire vous allez pouvoir nous soutenir par un don financier. Les informations que vous nous fournissez vont permettre d&#8217;anticiper et d&#8217;\u00e9tablir rapidement votre attestation fiscale de don, d\u00e8s que nous aurons enregistr\u00e9 votre virement. Lors de l&#8217;enregistrement de ce formulaire, un lien vers le RIB et l&#8217;adresse postale du [&hellip;]<\/p>\n","protected":false},"author":3,"featured_media":0,"parent":0,"menu_order":0,"comment_status":"closed","ping_status":"closed","template":"elementor_header_footer","meta":{"om_disable_all_campaigns":false,"_mi_skip_tracking":false,"site-sidebar-layout":"default","site-content-layout":"","ast-site-content-layout":"default","site-content-style":"default","site-sidebar-style":"default","ast-global-header-display":"","ast-banner-title-visibility":"","ast-main-header-display":"","ast-hfb-above-header-display":"","ast-hfb-below-header-display":"","ast-hfb-mobile-header-display":"","site-post-title":"","ast-breadcrumbs-content":"","ast-featured-img":"","footer-sml-layout":"","theme-transparent-header-meta":"","adv-header-id-meta":"","stick-header-meta":"","header-above-stick-meta":"","header-main-stick-meta":"","header-below-stick-meta":"","astra-migrate-meta-layouts":"set","ast-page-background-enabled":"default","ast-page-background-meta":{"desktop":{"background-color":"","background-image":"","background-repeat":"repeat","background-position":"center center","background-size":"auto","background-attachment":"scroll","background-type":"","background-media":"","overlay-type":"","overlay-color":"","overlay-opacity":"","overlay-gradient":""},"tablet":{"background-color":"","background-image":"","background-repeat":"repeat","background-position":"center center","background-size":"auto","background-attachment":"scroll","background-type":"","background-media":"","overlay-type":"","overlay-color":"","overlay-opacity":"","overlay-gradient":""},"mobile":{"background-color":"","background-image":"","background-repeat":"repeat","background-position":"center center","background-size":"auto","background-attachment":"scroll","background-type":"","background-media":"","overlay-type":"","overlay-color":"","overlay-opacity":"","overlay-gradient":""}},"ast-content-background-meta":{"desktop":{"background-color":"var(--ast-global-color-5)","background-image":"","background-repeat":"repeat","background-position":"center center","background-size":"auto","background-attachment":"scroll","background-type":"","background-media":"","overlay-type":"","overlay-color":"","overlay-opacity":"","overlay-gradient":""},"tablet":{"background-color":"var(--ast-global-color-5)","background-image":"","background-repeat":"repeat","background-position":"center center","background-size":"auto","background-attachment":"scroll","background-type":"","background-media":"","overlay-type":"","overlay-color":"","overlay-opacity":"","overlay-gradient":""},"mobile":{"background-color":"var(--ast-global-color-5)","background-image":"","background-repeat":"repeat","background-position":"center center","background-size":"auto","background-attachment":"scroll","background-type":"","background-media":"","overlay-type":"","overlay-color":"","overlay-opacity":"","overlay-gradient":""}},"footnotes":""},"class_list":["post-4671","page","type-page","status-publish","hentry"],"aioseo_notices":[],"_links":{"self":[{"href":"https:\/\/suresnes-sociale-\u00e9cologique.fr\/index.php?rest_route=\/wp\/v2\/pages\/4671","targetHints":{"allow":["GET"]}}],"collection":[{"href":"https:\/\/suresnes-sociale-\u00e9cologique.fr\/index.php?rest_route=\/wp\/v2\/pages"}],"about":[{"href":"https:\/\/suresnes-sociale-\u00e9cologique.fr\/index.php?rest_route=\/wp\/v2\/types\/page"}],"author":[{"embeddable":true,"href":"https:\/\/suresnes-sociale-\u00e9cologique.fr\/index.php?rest_route=\/wp\/v2\/users\/3"}],"replies":[{"embeddable":true,"href":"https:\/\/suresnes-sociale-\u00e9cologique.fr\/index.php?rest_route=%2Fwp%2Fv2%2Fcomments&post=4671"}],"version-history":[{"count":20,"href":"https:\/\/suresnes-sociale-\u00e9cologique.fr\/index.php?rest_route=\/wp\/v2\/pages\/4671\/revisions"}],"predecessor-version":[{"id":4723,"href":"https:\/\/suresnes-sociale-\u00e9cologique.fr\/index.php?rest_route=\/wp\/v2\/pages\/4671\/revisions\/4723"}],"wp:attachment":[{"href":"https:\/\/suresnes-sociale-\u00e9cologique.fr\/index.php?rest_route=%2Fwp%2Fv2%2Fmedia&parent=4671"}],"curies":[{"name":"wp","href":"https:\/\/api.w.org\/{rel}","templated":true}]}}